{"id":147,"date":"2024-06-18T18:29:49","date_gmt":"2024-06-18T18:29:49","guid":{"rendered":"https:\/\/baenaarquitectura.com\/?page_id=147"},"modified":"2024-06-26T15:57:28","modified_gmt":"2024-06-26T15:57:28","slug":"sobre-nosotros","status":"publish","type":"page","link":"https:\/\/baenaarquitectura.com\/en\/sobre-nosotros\/","title":{"rendered":"Sobre nosotros"},"content":{"rendered":"<p>[et_pb_section fb_built=\u00bb1&#8243; _builder_version=\u00bb4.24.2&#8243; _module_preset=\u00bbdefault\u00bb background_color=\u00bb#EBEBEB\u00bb background_image=\u00bbhttps:\/\/baenaarquitectura.com\/wp-content\/uploads\/2024\/06\/cerrado-de-calderon-Malaga-4.jpg\u00bb custom_margin=\u00bb0px||0px||false|false\u00bb global_colors_info=\u00bb{}\u00bb][et_pb_row column_structure=\u00bb1_2,1_2&#8243; custom_padding_last_edited=\u00bboff|desktop\u00bb _builder_version=\u00bb4.24.2&#8243; _module_preset=\u00bbdefault\u00bb background_enable_color=\u00bboff\u00bb positioning=\u00bbnone\u00bb position_origin_a_tablet=\u00bbbottom_right\u00bb position_origin_a_phone=\u00bbbottom_right\u00bb position_origin_a_last_edited=\u00bboff|desktop\u00bb position_origin_f_last_edited=\u00bboff|desktop\u00bb position_origin_r_last_edited=\u00bboff|desktop\u00bb width=\u00bb90%\u00bb width_tablet=\u00bb39%\u00bb width_phone=\u00bb90%\u00bb width_last_edited=\u00bboff|desktop\u00bb max_width_tablet=\u00bb39%\u00bb max_width_phone=\u00bb90%\u00bb max_width_last_edited=\u00bboff|desktop\u00bb custom_margin=\u00bb90px|auto|90px|auto|true|false\u00bb custom_padding_tablet=\u00bb40px|50px|44px|50px|false|false\u00bb custom_padding_phone=\u00bb35px|45px|35px|45px|false|false\u00bb positioning_tablet=\u00bbabsolute\u00bb positioning_phone=\u00bbnone\u00bb positioning_last_edited=\u00bboff|desktop\u00bb global_colors_info=\u00bb{}\u00bb][et_pb_column type=\u00bb1_2&#8243; _builder_version=\u00bb4.24.2&#8243; _module_preset=\u00bbdefault\u00bb background_color=\u00bb#FFFFFF\u00bb custom_padding=\u00bb30px|30px|30px|30px|true|true\u00bb global_colors_info=\u00bb{}\u00bb][et_pb_text _builder_version=\u00bb4.24.2&#8243; _module_preset=\u00bbdefault\u00bb header_2_font=\u00bbCairo||||||||\u00bb header_2_text_align=\u00bbleft\u00bb header_2_text_color=\u00bb#000000&#8243; header_2_font_size=\u00bb45px\u00bb header_2_line_height=\u00bb1.1em\u00bb custom_margin=\u00bb0px||5px||false|false\u00bb custom_padding=\u00bb0px||0px||false|false\u00bb animation_style=\u00bbfade\u00bb animation_speed_curve=\u00bbease\u00bb header_2_text_align_tablet=\u00bbleft\u00bb header_2_text_align_phone=\u00bbcenter\u00bb header_2_text_align_last_edited=\u00bbon|phone\u00bb header_2_font_size_tablet=\u00bb63px\u00bb header_2_font_size_phone=\u00bb40px\u00bb header_2_font_size_last_edited=\u00bbon|phone\u00bb global_colors_info=\u00bb{}\u00bb]<\/p>\n<h2>Sobre nosotros<\/h2>\n<p>[\/et_pb_text][et_pb_text _builder_version=\u00bb4.24.2&#8243; _module_preset=\u00bbdefault\u00bb text_font=\u00bb||||||||\u00bb text_text_color=\u00bb#000000&#8243; text_font_size=\u00bb16px\u00bb text_line_height=\u00bb1.8em\u00bb custom_margin=\u00bb0px||0px||false|false\u00bb custom_padding=\u00bb0px||0px||false|false\u00bb global_colors_info=\u00bb{}\u00bb]<\/p>\n<p><strong>BAENA ARQUITECTURA<\/strong><br \/>Arquitectura, Urbanismo &amp; Gesti\u00f3n de Proyectos.<\/p>\n<p>[\/et_pb_text][\/et_pb_column][et_pb_column type=\u00bb1_2&#8243; _builder_version=\u00bb4.24.2&#8243; _module_preset=\u00bbdefault\u00bb global_colors_info=\u00bb{}\u00bb][\/et_pb_column][\/et_pb_row][\/et_pb_section][et_pb_section fb_built=\u00bb1&#8243; custom_padding_last_edited=\u00bbon|phone\u00bb _builder_version=\u00bb4.24.2&#8243; _module_preset=\u00bbdefault\u00bb background_color=\u00bb#0a0909&#8243; min_height=\u00bb900px\u00bb custom_padding=\u00bb83px||83px||true|\u00bb custom_padding_tablet=\u00bb120px||120px||false|false\u00bb custom_padding_phone=\u00bb0px||0px||true|false\u00bb global_colors_info=\u00bb{}\u00bb custom_padding__hover_enabled=\u00bboff|desktop\u00bb][et_pb_row column_structure=\u00bb1_3,2_3&#8243; use_custom_gutter=\u00bbon\u00bb gutter_width=\u00bb2&#8243; make_equal=\u00bbon\u00bb _builder_version=\u00bb4.24.2&#8243; _module_preset=\u00bbdefault\u00bb width=\u00bb90%\u00bb animation_style=\u00bbfade\u00bb animation_delay=\u00bb500ms\u00bb animation_speed_curve=\u00bbease\u00bb global_colors_info=\u00bb{}\u00bb][et_pb_column type=\u00bb1_3&#8243; _builder_version=\u00bb4.20.0&#8243; _module_preset=\u00bbdefault\u00bb global_colors_info=\u00bb{}\u00bb][et_pb_text _builder_version=\u00bb4.24.2&#8243; _module_preset=\u00bbdefault\u00bb header_4_font=\u00bbCairo|200|||||||\u00bb header_4_text_align=\u00bbleft\u00bb header_4_text_color=\u00bb#FFFFFF\u00bb header_4_font_size=\u00bb30px\u00bb header_4_line_height=\u00bb1.1em\u00bb custom_margin=\u00bb0px||9px||false|false\u00bb custom_padding=\u00bb32px||25px|54px|false|false\u00bb link_option_url=\u00bb#\u00bb hover_enabled=\u00bb0&#8243; header_4_font_size_phone=\u00bb24px\u00bb header_4_font_size_last_edited=\u00bboff|phone\u00bb custom_css_before=\u00bbcontent: %22+%22;||color: #fff;||font-family: %22cairo%22;||font-size: 12px;||position: absolute;||left:0px;||top:33px;\u00bb border_color_bottom=\u00bb#2e2d2d\u00bb global_colors_info=\u00bb{}\u00bb header_4_text_color__hover_enabled=\u00bbon|hover\u00bb header_4_text_color__hover=\u00bb#fa6400&#8243; sticky_enabled=\u00bb0&#8243;]<\/p>\n<h4>Concebimos nuestro trabajo como <strong>algo m\u00e1s que proyectar y construir edificios<\/strong>, queremos facilitar el proceso arquitect\u00f3nico al igual que las vidas de las personas, antes, durante y despu\u00e9s de la construcci\u00f3n\u2026<\/h4>\n<p>[\/et_pb_text][\/et_pb_column][et_pb_column type=\u00bb2_3&#8243; _builder_version=\u00bb4.24.2&#8243; _module_preset=\u00bbdefault\u00bb background_color=\u00bbRGBA(255,255,255,0)\u00bb custom_padding_tablet=\u00bb|100px||0px|false|false\u00bb custom_padding_phone=\u00bb|0px|||false|false\u00bb custom_padding_last_edited=\u00bboff|desktop\u00bb custom_css_main_element=\u00bb||\u00bb global_colors_info=\u00bb{}\u00bb][et_pb_text _builder_version=\u00bb4.24.2&#8243; _module_preset=\u00bbdefault\u00bb text_text_color=\u00bb#FFFFFF\u00bb text_font_size=\u00bb16px\u00bb hover_enabled=\u00bb0&#8243; locked=\u00bboff\u00bb global_colors_info=\u00bb{}\u00bb sticky_enabled=\u00bb0&#8243;]<\/p>\n<p style=\"text-align: justify;\">Estudio fundado en Granada, en el a\u00f1o 2005, equipo de contrastada experiencia con un planteamiento que pretende ampliar el enfoque de la arquitectura. Este planteamiento a\u00f1ade nuevas variables para acercar el proceso a las necesidades reales de las personas y las empresas. Tambi\u00e9n contribuye a la mejora de las condiciones de vida desde unos criterios que a\u00fanan eficiencia, bienestar, rentabilidad y sostenibilidad.<\/p>\n<p style=\"text-align: justify;\">Debido a la formaci\u00f3n multidisciplinar de su fundador, Aureliano, Baena Gonz\u00e1lez_ (Arquitecto por la ETSAG a\u00f1o 2004+ Ingeniero Edificaci\u00f3n por la ETSIE de Granada, 2012+ Master eficiencia energ\u00e9tica de edificios por la ETSAG 2022), el estudio se caracteriza por ofrecer soluciones integrales a sus clientes en materia de arquitectura residencial, arquitectura comercial (Retail), Proyectos de ingenier\u00eda y urbanizaci\u00f3n asumiendo la gesti\u00f3n de los proyectos de forma integral, responsabiliz\u00e1ndose de todos los aspectos que tienen lugar en el desarrollo de su proyecto.<\/p>\n<p style=\"text-align: justify;\">Localizado geogr\u00e1ficamente en Andaluc\u00eda oriental, (Granada, M\u00e1laga, Almer\u00eda), con mucho gusto de desplazarnos a cualquier emplazamiento que requieran nuestros clientes, creemos en el arquitecto como facilitador y acompa\u00f1ante, y en la arquitectura como estrategia, alineada con los objetivos de las personas, sean \u00e9stos c\u00f3mo vivir, trabajar, econ\u00f3micos, de necesidades\u2026 la integraci\u00f3n del cliente en las diferentes fases del proceso.<\/p>\n<p style=\"text-align: justify;\">Mantenemos un alto compromiso con la sostenibilidad medioambiental de nuestros edificios desde las primeras etapas del dise\u00f1o. Buscamos su \u00f3ptima integraci\u00f3n con el entorno, su m\u00ednimo impacto y la m\u00e1xima eficiencia en la gesti\u00f3n de los recursos (Master de Eficiencia Energ\u00e9tica de Edificios por la ETSAG 2022).<\/p>\n<p style=\"text-align: justify;\">Adem\u00e1s de los servicios propios de una empresa de arquitectura e ingenier\u00eda (proyectos t\u00e9cnicos y de dise\u00f1o, urbanismo, licencias, obra, eficiencia energ\u00e9tica\u2026) nuestro bagaje nos permite ofrecer, desde una posici\u00f3n experimentada y segura, servicios de gesti\u00f3n econ\u00f3mica de los proyectos, all\u00ed donde la arquitectura se conecta con otros \u00e1mbitos de la realidad, sea \u00e9sta de usuario, o empresarial.<\/p>\n<p style=\"text-align: justify;\">Pensamos que es la \u00fanica forma de garantizar una excelente calidad en los resultados de los proyectos que nos proponen nuestros clientes, cumpliendo sus expectativas.<\/p>\n<p>[\/et_pb_text][\/et_pb_column][\/et_pb_row][et_pb_row column_structure=\u00bb1_3,2_3&#8243; use_custom_gutter=\u00bbon\u00bb gutter_width=\u00bb2&#8243; make_equal=\u00bbon\u00bb _builder_version=\u00bb4.24.2&#8243; _module_preset=\u00bbdefault\u00bb width=\u00bb90%\u00bb animation_style=\u00bbfade\u00bb animation_delay=\u00bb500ms\u00bb animation_speed_curve=\u00bbease\u00bb global_colors_info=\u00bb{}\u00bb][et_pb_column type=\u00bb1_3&#8243; _builder_version=\u00bb4.24.2&#8243; _module_preset=\u00bbdefault\u00bb background_enable_color=\u00bboff\u00bb custom_padding=\u00bb|10px||10px|false|false\u00bb custom_padding_tablet=\u00bb|100px||0px|false|false\u00bb custom_padding_phone=\u00bb|0px|||false|false\u00bb custom_padding_last_edited=\u00bboff|desktop\u00bb custom_css_main_element=\u00bb||\u00bb global_colors_info=\u00bb{}\u00bb][\/et_pb_column][et_pb_column type=\u00bb2_3&#8243; _builder_version=\u00bb4.24.2&#8243; _module_preset=\u00bbdefault\u00bb background_color=\u00bbRGBA(255,255,255,0)\u00bb custom_padding=\u00bb10px|10px|10px|10px|false|false\u00bb custom_css_main_element=\u00bbmargin:auto\t\u00bb border_width_all=\u00bb1px\u00bb border_color_all=\u00bb#EBEBEB\u00bb global_colors_info=\u00bb{}\u00bb][dsm_card title=\u00bbAureliano, Baena Gonz\u00e1lez\u00bb subtitle=\u00bbArquitecto\u00bb layout=\u00bbinline\u00bb layout_inline_image_width=\u00bb25%\u00bb layout_inline_order=\u00bbright\u00bb image=\u00bbhttps:\/\/baenaarquitectura.com\/wp-content\/uploads\/2024\/06\/Baena.png\u00bb image_as_background=\u00bboff\u00bb circle_color=\u00bb#FFFFFF\u00bb stretch_image=\u00bboff\u00bb image_alignment=\u00bbcenter\u00bb button_url_new_window=\u00bb1&#8243; layout_tablet=\u00bbinline\u00bb layout_phone=\u00bbstacked\u00bb layout_last_edited=\u00bbon|phone\u00bb layout_inline_image_width_tablet=\u00bb25%\u00bb layout_inline_image_width_phone=\u00bb25%\u00bb layout_inline_image_width_last_edited=\u00bbon|phone\u00bb image_alignment_tablet=\u00bbcenter\u00bb image_alignment_phone=\u00bbcenter\u00bb image_alignment_last_edited=\u00bbon|desktop\u00bb _builder_version=\u00bb4.24.2&#8243; _module_preset=\u00bbdefault\u00bb header_level=\u00bbh2&#8243; header_font_size=\u00bb30px\u00bb body_font_size=\u00bb16px\u00bb subhead_font=\u00bb|700||on|||||\u00bb subhead_font_size=\u00bb16px\u00bb background_color=\u00bbRGBA(255,255,255,0)\u00bb background_layout=\u00bbdark\u00bb global_colors_info=\u00bb{}\u00bb]<\/p>\n<p>&#8211; Arquitecto Superior por la ETSAG, (Universidad de Granada), especialidad en Estructuras.<br \/>&#8211; Ingeniero de Edificaci\u00f3n por la ETSIE, (Universidad de Granada).<br \/>&#8211; M\u00e1ster en Eficiencia Energ\u00e9tica y Arquitectura Bioclim\u00e1tica por la ETSAG, (Universidad de Granada).<\/p>\n<p>[\/dsm_card][\/et_pb_column][\/et_pb_row][\/et_pb_section]<\/p>","protected":false},"excerpt":{"rendered":"<p>Sobre nosotrosBAENA ARQUITECTURAArquitectura, Urbanismo &amp; Gesti\u00f3n de Proyectos.Concebimos nuestro trabajo como algo m\u00e1s que proyectar y construir edificios, queremos facilitar el proceso arquitect\u00f3nico al igual que las vidas de las personas, antes, durante y despu\u00e9s de la construcci\u00f3n\u2026Estudio fundado en Granada, en el a\u00f1o 2005, equipo de contrastada experiencia con un planteamiento que pretende ampliar el enfoque de la arquitectura. Este planteamiento a\u00f1ade nuevas variables para acercar el proceso a las necesidades reales de las personas y las empresas. Tambi\u00e9n contribuye a la mejora de las condiciones de vida desde unos criterios que a\u00fanan eficiencia, bienestar, rentabilidad y sostenibilidad. Debido a la formaci\u00f3n multidisciplinar de su fundador, Aureliano, Baena Gonz\u00e1lez_ (Arquitecto por la ETSAG a\u00f1o 2004+ Ingeniero Edificaci\u00f3n por la ETSIE de Granada, 2012+ Master eficiencia energ\u00e9tica de edificios por la ETSAG 2022), el estudio se caracteriza por ofrecer soluciones integrales a sus clientes en materia de arquitectura residencial, arquitectura comercial (Retail), Proyectos de ingenier\u00eda y urbanizaci\u00f3n asumiendo la gesti\u00f3n de los proyectos de forma integral, responsabiliz\u00e1ndose de todos los aspectos que tienen lugar en el desarrollo de su proyecto. Localizado geogr\u00e1ficamente en Andaluc\u00eda oriental, (Granada, M\u00e1laga, Almer\u00eda), con mucho gusto de desplazarnos a cualquier emplazamiento que requieran nuestros clientes, [&hellip;]<\/p>","protected":false},"author":2,"featured_media":0,"parent":0,"menu_order":0,"comment_status":"closed","ping_status":"closed","template":"","meta":{"_et_pb_use_builder":"on","_et_pb_old_content":"","_et_gb_content_width":"","footnotes":""},"class_list":["post-147","page","type-page","status-publish","hentry"],"yoast_head":"<!-- This site is optimized with the Yoast SEO plugin v23.0 - https:\/\/yoast.com\/wordpress\/plugins\/seo\/ -->\n<title>Sobre nosotros - Baena Arquitectura<\/title>\n<meta name=\"robots\" content=\"index, follow, max-snippet:-1, max-image-preview:large, max-video-preview:-1\" \/>\n<link rel=\"canonical\" href=\"https:\/\/baenaarquitectura.com\/en\/sobre-nosotros\/\" \/>\n<meta property=\"og:locale\" content=\"en_GB\" \/>\n<meta property=\"og:type\" content=\"article\" \/>\n<meta property=\"og:title\" content=\"Sobre nosotros - Baena Arquitectura\" \/>\n<meta property=\"og:description\" content=\"Sobre nosotrosBAENA ARQUITECTURAArquitectura, Urbanismo &amp; Gesti\u00f3n de Proyectos.Concebimos nuestro trabajo como algo m\u00e1s que proyectar y construir edificios, queremos facilitar el proceso arquitect\u00f3nico al igual que las vidas de las personas, antes, durante y despu\u00e9s de la construcci\u00f3n\u2026Estudio fundado en Granada, en el a\u00f1o 2005, equipo de contrastada experiencia con un planteamiento que pretende ampliar el enfoque de la arquitectura. Este planteamiento a\u00f1ade nuevas variables para acercar el proceso a las necesidades reales de las personas y las empresas. Tambi\u00e9n contribuye a la mejora de las condiciones de vida desde unos criterios que a\u00fanan eficiencia, bienestar, rentabilidad y sostenibilidad. Debido a la formaci\u00f3n multidisciplinar de su fundador, Aureliano, Baena Gonz\u00e1lez_ (Arquitecto por la ETSAG a\u00f1o 2004+ Ingeniero Edificaci\u00f3n por la ETSIE de Granada, 2012+ Master eficiencia energ\u00e9tica de edificios por la ETSAG 2022), el estudio se caracteriza por ofrecer soluciones integrales a sus clientes en materia de arquitectura residencial, arquitectura comercial (Retail), Proyectos de ingenier\u00eda y urbanizaci\u00f3n asumiendo la gesti\u00f3n de los proyectos de forma integral, responsabiliz\u00e1ndose de todos los aspectos que tienen lugar en el desarrollo de su proyecto. Localizado geogr\u00e1ficamente en Andaluc\u00eda oriental, (Granada, M\u00e1laga, Almer\u00eda), con mucho gusto de desplazarnos a cualquier emplazamiento que requieran nuestros clientes, [&hellip;]\" \/>\n<meta property=\"og:url\" content=\"https:\/\/baenaarquitectura.com\/en\/sobre-nosotros\/\" \/>\n<meta property=\"og:site_name\" content=\"Baena Arquitectura\" \/>\n<meta property=\"article:modified_time\" content=\"2024-06-26T15:57:28+00:00\" \/>\n<meta name=\"twitter:card\" content=\"summary_large_image\" \/>\n<meta name=\"twitter:label1\" content=\"Estimated reading time\" \/>\n\t<meta name=\"twitter:data1\" content=\"6 minutes\" \/>\n<script type=\"application\/ld+json\" class=\"yoast-schema-graph\">{\"@context\":\"https:\/\/schema.org\",\"@graph\":[{\"@type\":\"WebPage\",\"@id\":\"https:\/\/baenaarquitectura.com\/sobre-nosotros\/\",\"url\":\"https:\/\/baenaarquitectura.com\/sobre-nosotros\/\",\"name\":\"Sobre nosotros - Baena Arquitectura\",\"isPartOf\":{\"@id\":\"https:\/\/baenaarquitectura.com\/#website\"},\"datePublished\":\"2024-06-18T18:29:49+00:00\",\"dateModified\":\"2024-06-26T15:57:28+00:00\",\"breadcrumb\":{\"@id\":\"https:\/\/baenaarquitectura.com\/sobre-nosotros\/#breadcrumb\"},\"inLanguage\":\"en-GB\",\"potentialAction\":[{\"@type\":\"ReadAction\",\"target\":[\"https:\/\/baenaarquitectura.com\/sobre-nosotros\/\"]}]},{\"@type\":\"BreadcrumbList\",\"@id\":\"https:\/\/baenaarquitectura.com\/sobre-nosotros\/#breadcrumb\",\"itemListElement\":[{\"@type\":\"ListItem\",\"position\":1,\"name\":\"Portada\",\"item\":\"https:\/\/baenaarquitectura.com\/\"},{\"@type\":\"ListItem\",\"position\":2,\"name\":\"Sobre nosotros\"}]},{\"@type\":\"WebSite\",\"@id\":\"https:\/\/baenaarquitectura.com\/#website\",\"url\":\"https:\/\/baenaarquitectura.com\/\",\"name\":\"Baena Arquitectura\",\"description\":\"Arquitectura, Urbanismo y Gesti&oacute;n integral de proyectos de edificaci&oacute;n.\",\"publisher\":{\"@id\":\"https:\/\/baenaarquitectura.com\/#organization\"},\"potentialAction\":[{\"@type\":\"SearchAction\",\"target\":{\"@type\":\"EntryPoint\",\"urlTemplate\":\"https:\/\/baenaarquitectura.com\/?s={search_term_string}\"},\"query-input\":\"required name=search_term_string\"}],\"inLanguage\":\"en-GB\"},{\"@type\":\"Organization\",\"@id\":\"https:\/\/baenaarquitectura.com\/#organization\",\"name\":\"Baena Arquitectura\",\"url\":\"https:\/\/baenaarquitectura.com\/\",\"logo\":{\"@type\":\"ImageObject\",\"inLanguage\":\"en-GB\",\"@id\":\"https:\/\/baenaarquitectura.com\/#\/schema\/logo\/image\/\",\"url\":\"https:\/\/baenaarquitectura.com\/wp-content\/uploads\/2024\/06\/Logo-BAENA-1-238x242-1-238x242-1-238x242-1-238x242.jpg\",\"contentUrl\":\"https:\/\/baenaarquitectura.com\/wp-content\/uploads\/2024\/06\/Logo-BAENA-1-238x242-1-238x242-1-238x242-1-238x242.jpg\",\"width\":238,\"height\":242,\"caption\":\"Baena Arquitectura\"},\"image\":{\"@id\":\"https:\/\/baenaarquitectura.com\/#\/schema\/logo\/image\/\"},\"sameAs\":[\"https:\/\/www.instagram.com\/baenaarquitectura\"]}]}<\/script>\n<!-- \/ Yoast SEO plugin. -->","yoast_head_json":{"title":"Sobre nosotros - Baena Arquitectura","robots":{"index":"index","follow":"follow","max-snippet":"max-snippet:-1","max-image-preview":"max-image-preview:large","max-video-preview":"max-video-preview:-1"},"canonical":"https:\/\/baenaarquitectura.com\/en\/sobre-nosotros\/","og_locale":"en_GB","og_type":"article","og_title":"Sobre nosotros - Baena Arquitectura","og_description":"Sobre nosotrosBAENA ARQUITECTURAArquitectura, Urbanismo &amp; Gesti\u00f3n de Proyectos.Concebimos nuestro trabajo como algo m\u00e1s que proyectar y construir edificios, queremos facilitar el proceso arquitect\u00f3nico al igual que las vidas de las personas, antes, durante y despu\u00e9s de la construcci\u00f3n\u2026Estudio fundado en Granada, en el a\u00f1o 2005, equipo de contrastada experiencia con un planteamiento que pretende ampliar el enfoque de la arquitectura. Este planteamiento a\u00f1ade nuevas variables para acercar el proceso a las necesidades reales de las personas y las empresas. Tambi\u00e9n contribuye a la mejora de las condiciones de vida desde unos criterios que a\u00fanan eficiencia, bienestar, rentabilidad y sostenibilidad. Debido a la formaci\u00f3n multidisciplinar de su fundador, Aureliano, Baena Gonz\u00e1lez_ (Arquitecto por la ETSAG a\u00f1o 2004+ Ingeniero Edificaci\u00f3n por la ETSIE de Granada, 2012+ Master eficiencia energ\u00e9tica de edificios por la ETSAG 2022), el estudio se caracteriza por ofrecer soluciones integrales a sus clientes en materia de arquitectura residencial, arquitectura comercial (Retail), Proyectos de ingenier\u00eda y urbanizaci\u00f3n asumiendo la gesti\u00f3n de los proyectos de forma integral, responsabiliz\u00e1ndose de todos los aspectos que tienen lugar en el desarrollo de su proyecto. Localizado geogr\u00e1ficamente en Andaluc\u00eda oriental, (Granada, M\u00e1laga, Almer\u00eda), con mucho gusto de desplazarnos a cualquier emplazamiento que requieran nuestros clientes, [&hellip;]","og_url":"https:\/\/baenaarquitectura.com\/en\/sobre-nosotros\/","og_site_name":"Baena Arquitectura","article_modified_time":"2024-06-26T15:57:28+00:00","twitter_card":"summary_large_image","twitter_misc":{"Estimated reading time":"6 minutes"},"schema":{"@context":"https:\/\/schema.org","@graph":[{"@type":"WebPage","@id":"https:\/\/baenaarquitectura.com\/sobre-nosotros\/","url":"https:\/\/baenaarquitectura.com\/sobre-nosotros\/","name":"Sobre nosotros - Baena Arquitectura","isPartOf":{"@id":"https:\/\/baenaarquitectura.com\/#website"},"datePublished":"2024-06-18T18:29:49+00:00","dateModified":"2024-06-26T15:57:28+00:00","breadcrumb":{"@id":"https:\/\/baenaarquitectura.com\/sobre-nosotros\/#breadcrumb"},"inLanguage":"en-GB","potentialAction":[{"@type":"ReadAction","target":["https:\/\/baenaarquitectura.com\/sobre-nosotros\/"]}]},{"@type":"BreadcrumbList","@id":"https:\/\/baenaarquitectura.com\/sobre-nosotros\/#breadcrumb","itemListElement":[{"@type":"ListItem","position":1,"name":"Portada","item":"https:\/\/baenaarquitectura.com\/"},{"@type":"ListItem","position":2,"name":"Sobre nosotros"}]},{"@type":"WebSite","@id":"https:\/\/baenaarquitectura.com\/#website","url":"https:\/\/baenaarquitectura.com\/","name":"Baena Arquitectura","description":"Arquitectura, Urbanismo y Gesti&oacute;n integral de proyectos de edificaci&oacute;n.","publisher":{"@id":"https:\/\/baenaarquitectura.com\/#organization"},"potentialAction":[{"@type":"SearchAction","target":{"@type":"EntryPoint","urlTemplate":"https:\/\/baenaarquitectura.com\/?s={search_term_string}"},"query-input":"required name=search_term_string"}],"inLanguage":"en-GB"},{"@type":"Organization","@id":"https:\/\/baenaarquitectura.com\/#organization","name":"Baena Arquitectura","url":"https:\/\/baenaarquitectura.com\/","logo":{"@type":"ImageObject","inLanguage":"en-GB","@id":"https:\/\/baenaarquitectura.com\/#\/schema\/logo\/image\/","url":"https:\/\/baenaarquitectura.com\/wp-content\/uploads\/2024\/06\/Logo-BAENA-1-238x242-1-238x242-1-238x242-1-238x242.jpg","contentUrl":"https:\/\/baenaarquitectura.com\/wp-content\/uploads\/2024\/06\/Logo-BAENA-1-238x242-1-238x242-1-238x242-1-238x242.jpg","width":238,"height":242,"caption":"Baena Arquitectura"},"image":{"@id":"https:\/\/baenaarquitectura.com\/#\/schema\/logo\/image\/"},"sameAs":["https:\/\/www.instagram.com\/baenaarquitectura"]}]}},"_links":{"self":[{"href":"https:\/\/baenaarquitectura.com\/en\/wp-json\/wp\/v2\/pages\/147","targetHints":{"allow":["GET"]}}],"collection":[{"href":"https:\/\/baenaarquitectura.com\/en\/wp-json\/wp\/v2\/pages"}],"about":[{"href":"https:\/\/baenaarquitectura.com\/en\/wp-json\/wp\/v2\/types\/page"}],"author":[{"embeddable":true,"href":"https:\/\/baenaarquitectura.com\/en\/wp-json\/wp\/v2\/users\/2"}],"replies":[{"embeddable":true,"href":"https:\/\/baenaarquitectura.com\/en\/wp-json\/wp\/v2\/comments?post=147"}],"version-history":[{"count":7,"href":"https:\/\/baenaarquitectura.com\/en\/wp-json\/wp\/v2\/pages\/147\/revisions"}],"predecessor-version":[{"id":397,"href":"https:\/\/baenaarquitectura.com\/en\/wp-json\/wp\/v2\/pages\/147\/revisions\/397"}],"wp:attachment":[{"href":"https:\/\/baenaarquitectura.com\/en\/wp-json\/wp\/v2\/media?parent=147"}],"curies":[{"name":"wp","href":"https:\/\/api.w.org\/{rel}","templated":true}]}}