{"id":569,"date":"2025-05-07T13:45:50","date_gmt":"2025-05-07T13:45:50","guid":{"rendered":"https:\/\/baenaarquitectura.com\/?page_id=569"},"modified":"2025-05-07T14:04:43","modified_gmt":"2025-05-07T14:04:43","slug":"politica-de-privacidad","status":"publish","type":"page","link":"https:\/\/baenaarquitectura.com\/en\/politica-de-privacidad\/","title":{"rendered":"Pol\u00edtica de privacidad"},"content":{"rendered":"<p>[et_pb_section fb_built=\u00bb1&#8243; _builder_version=\u00bb4.24.2&#8243; _module_preset=\u00bbdefault\u00bb background_color=\u00bb#EBEBEB\u00bb background_image=\u00bbhttps:\/\/baenaarquitectura.com\/wp-content\/uploads\/2024\/06\/cerrado-de-calderon-Malaga-4.jpg\u00bb custom_margin=\u00bb0px||0px||false|false\u00bb custom_padding=\u00bb||26px|||\u00bb global_colors_info=\u00bb{}\u00bb][et_pb_row column_structure=\u00bb1_2,1_2&#8243; custom_padding_last_edited=\u00bboff|desktop\u00bb _builder_version=\u00bb4.24.2&#8243; _module_preset=\u00bbdefault\u00bb background_enable_color=\u00bboff\u00bb positioning=\u00bbnone\u00bb position_origin_a_tablet=\u00bbbottom_right\u00bb position_origin_a_phone=\u00bbbottom_right\u00bb position_origin_a_last_edited=\u00bboff|desktop\u00bb position_origin_f_last_edited=\u00bboff|desktop\u00bb position_origin_r_last_edited=\u00bboff|desktop\u00bb width=\u00bb90%\u00bb width_tablet=\u00bb39%\u00bb width_phone=\u00bb90%\u00bb width_last_edited=\u00bboff|desktop\u00bb max_width_tablet=\u00bb39%\u00bb max_width_phone=\u00bb90%\u00bb max_width_last_edited=\u00bboff|desktop\u00bb custom_margin=\u00bb90px|auto|90px|auto|true|false\u00bb custom_padding_tablet=\u00bb40px|50px|44px|50px|false|false\u00bb custom_padding_phone=\u00bb35px|45px|35px|45px|false|false\u00bb positioning_tablet=\u00bbabsolute\u00bb positioning_phone=\u00bbnone\u00bb positioning_last_edited=\u00bboff|desktop\u00bb global_colors_info=\u00bb{}\u00bb][et_pb_column type=\u00bb1_2&#8243; _builder_version=\u00bb4.24.2&#8243; _module_preset=\u00bbdefault\u00bb background_color=\u00bb#FFFFFF\u00bb custom_padding=\u00bb30px|30px|30px|30px|true|true\u00bb global_colors_info=\u00bb{}\u00bb][et_pb_text _builder_version=\u00bb4.26.0&#8243; _dynamic_attributes=\u00bbcontent\u00bb _module_preset=\u00bbdefault\u00bb text_font_size=\u00bb45px\u00bb header_2_font=\u00bbCairo||||||||\u00bb header_2_text_align=\u00bbleft\u00bb header_2_text_color=\u00bb#000000&#8243; header_2_font_size=\u00bb45px\u00bb header_2_line_height=\u00bb1.1em\u00bb custom_margin=\u00bb0px||5px||false|false\u00bb custom_padding=\u00bb0px||0px||false|false\u00bb animation_style=\u00bbfade\u00bb animation_speed_curve=\u00bbease\u00bb header_2_text_align_tablet=\u00bbleft\u00bb header_2_text_align_phone=\u00bbcenter\u00bb header_2_text_align_last_edited=\u00bbon|phone\u00bb header_2_font_size_tablet=\u00bb63px\u00bb header_2_font_size_phone=\u00bb40px\u00bb header_2_font_size_last_edited=\u00bbon|phone\u00bb global_colors_info=\u00bb{}\u00bb]@ET-DC@eyJkeW5hbWljIjp0cnVlLCJjb250ZW50IjoicG9zdF90aXRsZSIsInNldHRpbmdzIjp7ImJlZm9yZSI6IiIsImFmdGVyIjoiIn19@[\/et_pb_text][\/et_pb_column][et_pb_column type=\u00bb1_2&#8243; _builder_version=\u00bb4.24.2&#8243; _module_preset=\u00bbdefault\u00bb global_colors_info=\u00bb{}\u00bb][\/et_pb_column][\/et_pb_row][\/et_pb_section][et_pb_section fb_built=\u00bb1&#8243; custom_padding_last_edited=\u00bbon|phone\u00bb _builder_version=\u00bb4.24.2&#8243; _module_preset=\u00bbdefault\u00bb background_color=\u00bb#0a0909&#8243; min_height=\u00bb900px\u00bb custom_padding=\u00bb83px||83px||true|\u00bb custom_padding_tablet=\u00bb120px||120px||false|false\u00bb custom_padding_phone=\u00bb0px||0px||true|false\u00bb global_colors_info=\u00bb{}\u00bb custom_padding__hover_enabled=\u00bboff|desktop\u00bb][et_pb_row use_custom_gutter=\u00bbon\u00bb gutter_width=\u00bb2&#8243; make_equal=\u00bbon\u00bb _builder_version=\u00bb4.24.2&#8243; _module_preset=\u00bbdefault\u00bb width=\u00bb90%\u00bb animation_style=\u00bbfade\u00bb animation_delay=\u00bb500ms\u00bb animation_speed_curve=\u00bbease\u00bb global_colors_info=\u00bb{}\u00bb][et_pb_column type=\u00bb4_4&#8243; _builder_version=\u00bb4.20.0&#8243; _module_preset=\u00bbdefault\u00bb global_colors_info=\u00bb{}\u00bb][et_pb_text _builder_version=\u00bb4.24.2&#8243; _module_preset=\u00bbdefault\u00bb text_text_color=\u00bb#FFFFFF\u00bb text_font_size=\u00bb16px\u00bb locked=\u00bboff\u00bb global_colors_info=\u00bb{}\u00bb]<\/p>\n<p>1. INFORMACI\u00d3N AL USUARIO<\/p>\n<p>\u00bfQui\u00e9n es el responsable del tratamiento de tus datos personales?<\/p>\n<div>Aureliano Baena G\u00f3nzalez es el RESPONSABLE del tratamiento de los datos personales del USUARIO y le informa de que estos datos ser\u00e1n tratados de conformidad con lo dispuesto en el Reglamento (UE) 2016\/679, de 27 de abril (GDPR), y la Ley Org\u00e1nica 3\/2018, de 5 de diciembre (LOPDGDD).<\/div>\n<p>&nbsp;<\/p>\n<p>\u00bfPara qu\u00e9 tratamos tus datos personales y por qu\u00e9 lo hacemos?<br \/>Seg\u00fan el formulario donde hayamos obtenido sus datos personales, los trataremos de manera confidencial para alcanzar los siguientes fines:<br \/>En el formulario Contacto Dar respuesta a las consultas o cualquier tipo de petici\u00f3n que sea realizada por el usuario a trav\u00e9s de cualquiera de las formas de contacto que se ponen a su disposici\u00f3n en la p\u00e1gina web del responsable. (por el inter\u00e9s leg\u00edtimo del responsable, art. 6.1.f GDPR)<\/p>\n<p>Enviar comunicaciones comerciales publicitarias por e-mail, fax, SMS, MMS, redes sociales o cualquier otro medio electr\u00f3nico o f\u00edsico, presente o futuro, que posibilite realizar comunicaciones comerciales. Estas comunicaciones ser\u00e1n realizadas por el responsable y estar\u00e1n relacionadas con sus productos y servicios, o de sus colaboradores o proveedores, con los que este haya alcanzado alg\u00fan acuerdo de promoci\u00f3n. En este caso, los terceros nunca tendr\u00e1n acceso a los datos personales. (por el consentimiento del interesado, 6.1.a GDPR)<\/p>\n<p>Realizar an\u00e1lisis estad\u00edsticos y estudios de mercado. (por el inter\u00e9s leg\u00edtimo del responsable, art. 6.1.f GDPR)<br \/>En el formulario Citas Agendar citas y reuniones con el responsable. (por el inter\u00e9s leg\u00edtimo del responsable, art. 6.1.f GDPR)<\/p>\n<p>\u00bfDurante cu\u00e1nto tiempo guardaremos tus datos personales?<br \/>Se conservar\u00e1n durante no m\u00e1s tiempo del necesario para mantener el fin del tratamiento o existan prescripciones legales que dictaminen su custodia y cuando ya no sea necesario para ello, se suprimir\u00e1n con medidas de seguridad adecuadas para garantizar la anonimizaci\u00f3n de los datos o la destrucci\u00f3n total de los mismos.<\/p>\n<p>\u00bfA qui\u00e9n facilitamos tus datos personales?<br \/>No est\u00e1 prevista ninguna comunicaci\u00f3n de datos personales a terceros salvo, si fuese necesario para el desarrollo y ejecuci\u00f3n de las finalidades del tratamiento, a nuestros proveedores de servicios relacionados con comunicaciones, con los cuales el RESPONSABLE tiene suscritos los contratos de<br \/>confidencialidad y de encargado de tratamiento exigidos por la normativa vigente de privacidad.<\/p>\n<p>\u00bfCu\u00e1les son tus derechos?<br \/>Los derechos que asisten al USUARIO son:<\/p>\n<p>Derecho a retirar el consentimiento en cualquier momento.<\/p>\n<p>Derecho de acceso, rectificaci\u00f3n, portabilidad y supresi\u00f3n de sus datos, y de limitaci\u00f3n u oposici\u00f3n a su tratamiento.<br \/>Derecho a presentar una reclamaci\u00f3n ante la autoridad de control (www.aepd.es) si considera que el tratamiento no se ajusta a la normativa vigente.<br \/>Datos de contacto para ejercer sus derechos:<br \/><span>Aureliano Baena G\u00f3nzalez \/ <a href=\"mailto:arquitecnia2000@gmail.com\" target=\"_blank\" rel=\"noopener\">arquitecnia2000@gmail.com<\/a><\/span><\/p>\n<p>2. CAR\u00c1CTER OBLIGATORIO O FACULTATIVO DE LA INFORMACI\u00d3N FACILITADA<\/p>\n<p>POR EL USUARIO<br \/>Los USUARIOS, mediante la marcaci\u00f3n de las casillas correspondientes y la entrada de datos en los campos, marcados con un asterisco (*) en el formulario de contacto o presentados en formularios de descarga, aceptan expresamente y de forma libre e inequ\u00edvoca, que sus datos son necesarios para atender su petici\u00f3n, por parte del prestador, siendo voluntaria la inclusi\u00f3n de datos en los campos restantes. El USUARIO garantiza que los datos personales facilitados al RESPONSABLE son veraces y se hace responsable de comunicar cualquier modificaci\u00f3n de los mismos. El RESPONSABLE informa de que todos los datos solicitados a trav\u00e9s del sitio web son obligatorios, ya que son necesarios para la prestaci\u00f3n de un servicio \u00f3ptimo al USUARIO. En caso de que no se faciliten todos los datos, no se garantiza que la informaci\u00f3n y servicios facilitados sean completamente ajustados a sus necesidades.<\/p>\n<p>3. MEDIDAS DE SEGURIDAD<br \/>Que de conformidad con lo dispuesto en las normativas vigentes en protecci\u00f3n de datos personales, el RESPONSABLE est\u00e1 cumpliendo con todas las disposiciones de las normativas GDPR y LOPDGDD para el tratamiento de los datos personales de su responsabilidad, y manifiestamente con los principios descritos en el art\u00edculo 5 del GDPR, por los cuales son tratados de manera l\u00edcita, leal y transparente en relaci\u00f3n con el interesado y adecuados, pertinentes y limitados a lo necesario en relaci\u00f3n con los fines para los que son tratados.<\/p>\n<p>El RESPONSABLE garantiza que ha implementado pol\u00edticas t\u00e9cnicas y organizativas apropiadas para aplicar las medidas de seguridad que establecen el GDPR y la LOPDGDD con el fin de proteger los derechos y libertades de los USUARIOS y les ha comunicado la informaci\u00f3n adecuada para que puedan<br \/>ejercerlos.<br \/>Para m\u00e1s informaci\u00f3n sobre las garant\u00edas de privacidad, puedes dirigirte al RESPONSABLE a trav\u00e9s de <span>Aureliano Baena G\u00f3nzalez \/ <a href=\"mailto:arquitecnia2000@gmail.com\" target=\"_blank\" rel=\"noopener\">arquitecnia2000@gmail.com<\/a><\/span><\/p>\n<p>[\/et_pb_text][\/et_pb_column][\/et_pb_row][\/et_pb_section]<\/p>","protected":false},"excerpt":{"rendered":"<p>1. INFORMACI\u00d3N AL USUARIO \u00bfQui\u00e9n es el responsable del tratamiento de tus datos personales? Aureliano Baena G\u00f3nzalez es el RESPONSABLE del tratamiento de los datos personales del USUARIO y le informa de que estos datos ser\u00e1n tratados de conformidad con lo dispuesto en el Reglamento (UE) 2016\/679, de 27 de abril (GDPR), y la Ley Org\u00e1nica 3\/2018, de 5 de diciembre (LOPDGDD). &nbsp; \u00bfPara qu\u00e9 tratamos tus datos personales y por qu\u00e9 lo hacemos?Seg\u00fan el formulario donde hayamos obtenido sus datos personales, los trataremos de manera confidencial para alcanzar los siguientes fines:En el formulario Contacto Dar respuesta a las consultas o cualquier tipo de petici\u00f3n que sea realizada por el usuario a trav\u00e9s de cualquiera de las formas de contacto que se ponen a su disposici\u00f3n en la p\u00e1gina web del responsable. (por el inter\u00e9s leg\u00edtimo del responsable, art. 6.1.f GDPR) Enviar comunicaciones comerciales publicitarias por e-mail, fax, SMS, MMS, redes sociales o cualquier otro medio electr\u00f3nico o f\u00edsico, presente o futuro, que posibilite realizar comunicaciones comerciales. Estas comunicaciones ser\u00e1n realizadas por el responsable y estar\u00e1n relacionadas con sus productos y servicios, o de sus colaboradores o proveedores, con los que este haya alcanzado alg\u00fan acuerdo de promoci\u00f3n. En este [&hellip;]<\/p>","protected":false},"author":2,"featured_media":0,"parent":0,"menu_order":0,"comment_status":"closed","ping_status":"closed","template":"","meta":{"_et_pb_use_builder":"on","_et_pb_old_content":"","_et_gb_content_width":"","footnotes":""},"class_list":["post-569","page","type-page","status-publish","hentry"],"yoast_head":"<!-- This site is optimized with the Yoast SEO plugin v23.0 - https:\/\/yoast.com\/wordpress\/plugins\/seo\/ -->\n<title>Pol\u00edtica de privacidad - Baena Arquitectura<\/title>\n<meta name=\"robots\" content=\"index, follow, max-snippet:-1, max-image-preview:large, max-video-preview:-1\" \/>\n<link rel=\"canonical\" href=\"https:\/\/baenaarquitectura.com\/en\/politica-de-privacidad\/\" \/>\n<meta property=\"og:locale\" content=\"en_GB\" \/>\n<meta property=\"og:type\" content=\"article\" \/>\n<meta property=\"og:title\" content=\"Pol\u00edtica de privacidad - Baena Arquitectura\" \/>\n<meta property=\"og:description\" content=\"1. INFORMACI\u00d3N AL USUARIO \u00bfQui\u00e9n es el responsable del tratamiento de tus datos personales? Aureliano Baena G\u00f3nzalez es el RESPONSABLE del tratamiento de los datos personales del USUARIO y le informa de que estos datos ser\u00e1n tratados de conformidad con lo dispuesto en el Reglamento (UE) 2016\/679, de 27 de abril (GDPR), y la Ley Org\u00e1nica 3\/2018, de 5 de diciembre (LOPDGDD). &nbsp; \u00bfPara qu\u00e9 tratamos tus datos personales y por qu\u00e9 lo hacemos?Seg\u00fan el formulario donde hayamos obtenido sus datos personales, los trataremos de manera confidencial para alcanzar los siguientes fines:En el formulario Contacto Dar respuesta a las consultas o cualquier tipo de petici\u00f3n que sea realizada por el usuario a trav\u00e9s de cualquiera de las formas de contacto que se ponen a su disposici\u00f3n en la p\u00e1gina web del responsable. (por el inter\u00e9s leg\u00edtimo del responsable, art. 6.1.f GDPR) Enviar comunicaciones comerciales publicitarias por e-mail, fax, SMS, MMS, redes sociales o cualquier otro medio electr\u00f3nico o f\u00edsico, presente o futuro, que posibilite realizar comunicaciones comerciales. Estas comunicaciones ser\u00e1n realizadas por el responsable y estar\u00e1n relacionadas con sus productos y servicios, o de sus colaboradores o proveedores, con los que este haya alcanzado alg\u00fan acuerdo de promoci\u00f3n. En este [&hellip;]\" \/>\n<meta property=\"og:url\" content=\"https:\/\/baenaarquitectura.com\/en\/politica-de-privacidad\/\" \/>\n<meta property=\"og:site_name\" content=\"Baena Arquitectura\" \/>\n<meta property=\"article:modified_time\" content=\"2025-05-07T14:04:43+00:00\" \/>\n<meta name=\"twitter:card\" content=\"summary_large_image\" \/>\n<script type=\"application\/ld+json\" class=\"yoast-schema-graph\">{\"@context\":\"https:\/\/schema.org\",\"@graph\":[{\"@type\":\"WebPage\",\"@id\":\"https:\/\/baenaarquitectura.com\/politica-de-privacidad\/\",\"url\":\"https:\/\/baenaarquitectura.com\/politica-de-privacidad\/\",\"name\":\"Pol\u00edtica de privacidad - Baena Arquitectura\",\"isPartOf\":{\"@id\":\"https:\/\/baenaarquitectura.com\/#website\"},\"datePublished\":\"2025-05-07T13:45:50+00:00\",\"dateModified\":\"2025-05-07T14:04:43+00:00\",\"breadcrumb\":{\"@id\":\"https:\/\/baenaarquitectura.com\/politica-de-privacidad\/#breadcrumb\"},\"inLanguage\":\"en-GB\",\"potentialAction\":[{\"@type\":\"ReadAction\",\"target\":[\"https:\/\/baenaarquitectura.com\/politica-de-privacidad\/\"]}]},{\"@type\":\"BreadcrumbList\",\"@id\":\"https:\/\/baenaarquitectura.com\/politica-de-privacidad\/#breadcrumb\",\"itemListElement\":[{\"@type\":\"ListItem\",\"position\":1,\"name\":\"Portada\",\"item\":\"https:\/\/baenaarquitectura.com\/\"},{\"@type\":\"ListItem\",\"position\":2,\"name\":\"Pol\u00edtica de privacidad\"}]},{\"@type\":\"WebSite\",\"@id\":\"https:\/\/baenaarquitectura.com\/#website\",\"url\":\"https:\/\/baenaarquitectura.com\/\",\"name\":\"Baena Arquitectura\",\"description\":\"Arquitectura, Urbanismo y Gesti&oacute;n integral de proyectos de edificaci&oacute;n.\",\"publisher\":{\"@id\":\"https:\/\/baenaarquitectura.com\/#organization\"},\"potentialAction\":[{\"@type\":\"SearchAction\",\"target\":{\"@type\":\"EntryPoint\",\"urlTemplate\":\"https:\/\/baenaarquitectura.com\/?s={search_term_string}\"},\"query-input\":\"required name=search_term_string\"}],\"inLanguage\":\"en-GB\"},{\"@type\":\"Organization\",\"@id\":\"https:\/\/baenaarquitectura.com\/#organization\",\"name\":\"Baena Arquitectura\",\"url\":\"https:\/\/baenaarquitectura.com\/\",\"logo\":{\"@type\":\"ImageObject\",\"inLanguage\":\"en-GB\",\"@id\":\"https:\/\/baenaarquitectura.com\/#\/schema\/logo\/image\/\",\"url\":\"https:\/\/baenaarquitectura.com\/wp-content\/uploads\/2024\/06\/Logo-BAENA-1-238x242-1-238x242-1-238x242-1-238x242.jpg\",\"contentUrl\":\"https:\/\/baenaarquitectura.com\/wp-content\/uploads\/2024\/06\/Logo-BAENA-1-238x242-1-238x242-1-238x242-1-238x242.jpg\",\"width\":238,\"height\":242,\"caption\":\"Baena Arquitectura\"},\"image\":{\"@id\":\"https:\/\/baenaarquitectura.com\/#\/schema\/logo\/image\/\"},\"sameAs\":[\"https:\/\/www.instagram.com\/baenaarquitectura\"]}]}<\/script>\n<!-- \/ Yoast SEO plugin. -->","yoast_head_json":{"title":"Pol\u00edtica de privacidad - Baena Arquitectura","robots":{"index":"index","follow":"follow","max-snippet":"max-snippet:-1","max-image-preview":"max-image-preview:large","max-video-preview":"max-video-preview:-1"},"canonical":"https:\/\/baenaarquitectura.com\/en\/politica-de-privacidad\/","og_locale":"en_GB","og_type":"article","og_title":"Pol\u00edtica de privacidad - Baena Arquitectura","og_description":"1. INFORMACI\u00d3N AL USUARIO \u00bfQui\u00e9n es el responsable del tratamiento de tus datos personales? Aureliano Baena G\u00f3nzalez es el RESPONSABLE del tratamiento de los datos personales del USUARIO y le informa de que estos datos ser\u00e1n tratados de conformidad con lo dispuesto en el Reglamento (UE) 2016\/679, de 27 de abril (GDPR), y la Ley Org\u00e1nica 3\/2018, de 5 de diciembre (LOPDGDD). &nbsp; \u00bfPara qu\u00e9 tratamos tus datos personales y por qu\u00e9 lo hacemos?Seg\u00fan el formulario donde hayamos obtenido sus datos personales, los trataremos de manera confidencial para alcanzar los siguientes fines:En el formulario Contacto Dar respuesta a las consultas o cualquier tipo de petici\u00f3n que sea realizada por el usuario a trav\u00e9s de cualquiera de las formas de contacto que se ponen a su disposici\u00f3n en la p\u00e1gina web del responsable. (por el inter\u00e9s leg\u00edtimo del responsable, art. 6.1.f GDPR) Enviar comunicaciones comerciales publicitarias por e-mail, fax, SMS, MMS, redes sociales o cualquier otro medio electr\u00f3nico o f\u00edsico, presente o futuro, que posibilite realizar comunicaciones comerciales. Estas comunicaciones ser\u00e1n realizadas por el responsable y estar\u00e1n relacionadas con sus productos y servicios, o de sus colaboradores o proveedores, con los que este haya alcanzado alg\u00fan acuerdo de promoci\u00f3n. En este [&hellip;]","og_url":"https:\/\/baenaarquitectura.com\/en\/politica-de-privacidad\/","og_site_name":"Baena Arquitectura","article_modified_time":"2025-05-07T14:04:43+00:00","twitter_card":"summary_large_image","schema":{"@context":"https:\/\/schema.org","@graph":[{"@type":"WebPage","@id":"https:\/\/baenaarquitectura.com\/politica-de-privacidad\/","url":"https:\/\/baenaarquitectura.com\/politica-de-privacidad\/","name":"Pol\u00edtica de privacidad - Baena Arquitectura","isPartOf":{"@id":"https:\/\/baenaarquitectura.com\/#website"},"datePublished":"2025-05-07T13:45:50+00:00","dateModified":"2025-05-07T14:04:43+00:00","breadcrumb":{"@id":"https:\/\/baenaarquitectura.com\/politica-de-privacidad\/#breadcrumb"},"inLanguage":"en-GB","potentialAction":[{"@type":"ReadAction","target":["https:\/\/baenaarquitectura.com\/politica-de-privacidad\/"]}]},{"@type":"BreadcrumbList","@id":"https:\/\/baenaarquitectura.com\/politica-de-privacidad\/#breadcrumb","itemListElement":[{"@type":"ListItem","position":1,"name":"Portada","item":"https:\/\/baenaarquitectura.com\/"},{"@type":"ListItem","position":2,"name":"Pol\u00edtica de privacidad"}]},{"@type":"WebSite","@id":"https:\/\/baenaarquitectura.com\/#website","url":"https:\/\/baenaarquitectura.com\/","name":"Baena Arquitectura","description":"Arquitectura, Urbanismo y Gesti&oacute;n integral de proyectos de edificaci&oacute;n.","publisher":{"@id":"https:\/\/baenaarquitectura.com\/#organization"},"potentialAction":[{"@type":"SearchAction","target":{"@type":"EntryPoint","urlTemplate":"https:\/\/baenaarquitectura.com\/?s={search_term_string}"},"query-input":"required name=search_term_string"}],"inLanguage":"en-GB"},{"@type":"Organization","@id":"https:\/\/baenaarquitectura.com\/#organization","name":"Baena Arquitectura","url":"https:\/\/baenaarquitectura.com\/","logo":{"@type":"ImageObject","inLanguage":"en-GB","@id":"https:\/\/baenaarquitectura.com\/#\/schema\/logo\/image\/","url":"https:\/\/baenaarquitectura.com\/wp-content\/uploads\/2024\/06\/Logo-BAENA-1-238x242-1-238x242-1-238x242-1-238x242.jpg","contentUrl":"https:\/\/baenaarquitectura.com\/wp-content\/uploads\/2024\/06\/Logo-BAENA-1-238x242-1-238x242-1-238x242-1-238x242.jpg","width":238,"height":242,"caption":"Baena Arquitectura"},"image":{"@id":"https:\/\/baenaarquitectura.com\/#\/schema\/logo\/image\/"},"sameAs":["https:\/\/www.instagram.com\/baenaarquitectura"]}]}},"_links":{"self":[{"href":"https:\/\/baenaarquitectura.com\/en\/wp-json\/wp\/v2\/pages\/569","targetHints":{"allow":["GET"]}}],"collection":[{"href":"https:\/\/baenaarquitectura.com\/en\/wp-json\/wp\/v2\/pages"}],"about":[{"href":"https:\/\/baenaarquitectura.com\/en\/wp-json\/wp\/v2\/types\/page"}],"author":[{"embeddable":true,"href":"https:\/\/baenaarquitectura.com\/en\/wp-json\/wp\/v2\/users\/2"}],"replies":[{"embeddable":true,"href":"https:\/\/baenaarquitectura.com\/en\/wp-json\/wp\/v2\/comments?post=569"}],"version-history":[{"count":4,"href":"https:\/\/baenaarquitectura.com\/en\/wp-json\/wp\/v2\/pages\/569\/revisions"}],"predecessor-version":[{"id":582,"href":"https:\/\/baenaarquitectura.com\/en\/wp-json\/wp\/v2\/pages\/569\/revisions\/582"}],"wp:attachment":[{"href":"https:\/\/baenaarquitectura.com\/en\/wp-json\/wp\/v2\/media?parent=569"}],"curies":[{"name":"wp","href":"https:\/\/api.w.org\/{rel}","templated":true}]}}